{"id":7019,"date":"2026-03-06T15:19:10","date_gmt":"2026-03-06T15:19:10","guid":{"rendered":"https:\/\/expatria.com\/?page_id=7019"},"modified":"2026-03-06T15:19:15","modified_gmt":"2026-03-06T15:19:15","slug":"chargee-de-prescription-indoor-ile-de-france","status":"publish","type":"page","link":"https:\/\/expatria.com\/de\/chargee-de-prescription-indoor-ile-de-france\/","title":{"rendered":"Charg\u00e9(e) de Prescription Indoor Ile de France"},"content":{"rendered":"<p>[et_pb_section fb_built=&#8220;1&#8243; _builder_version=&#8220;4.16&#8243; _module_preset=&#8220;default&#8220; global_colors_info=&#8220;{}&#8220; theme_builder_area=&#8220;post_content&#8220;][et_pb_row _builder_version=&#8220;4.16&#8243; _module_preset=&#8220;default&#8220; global_colors_info=&#8220;{}&#8220; theme_builder_area=&#8220;post_content&#8220;][et_pb_column type=&#8220;4_4&#8243; _builder_version=&#8220;4.16&#8243; _module_preset=&#8220;default&#8220; global_colors_info=&#8220;{}&#8220; theme_builder_area=&#8220;post_content&#8220;][et_pb_text _builder_version=&#8220;4.27.5&#8243; _module_preset=&#8220;default&#8220; hover_enabled=&#8220;0&#8243; global_colors_info=&#8220;{}&#8220; theme_builder_area=&#8220;post_content&#8220; sticky_enabled=&#8220;0&#8243;]<\/p>\n<p><img loading=\"lazy\" decoding=\"async\" class=\"alignnone wp-image-199 size-full\" src=\"https:\/\/expatria.com\/wp-content\/uploads\/2020\/01\/fagerhult.jpg\" alt=\"\" width=\"177\" height=\"22\" \/><\/p>\n<p>&nbsp;<\/p>\n<p><strong><em>Expatria Human Resources<\/em><\/strong> <em>est sp\u00e9cialis\u00e9 dans le recrutement pour le compte de groupes internationaux.<\/em><\/p>\n<p><em>\u00a0<\/em><\/p>\n<p><strong><em>Fagerhult<\/em><\/strong> <em>(<\/em><strong><a href=\"http:\/\/www.fagerhult.com\" target=\"_blank\" rel=\"noopener\"><em>www.fagerhult.com<\/em><\/a><\/strong><em><strong>)<\/strong> d\u00e9veloppe, fabrique et distribue des solutions d\u2019\u00e9clairage architecturales pour les espaces publics (commerces, bureaux, \u00e9coles, industries et h\u00f4pitaux). Les solutions d\u2019\u00e9clairage Fagerhult allient performances et design afin que l\u2019\u00e9clairage devienne un outil pour souligner l\u2019architecture et mettre en valeur les espaces. <\/em><\/p>\n<p><em>Groupe su\u00e9dois fond\u00e9 en 1945, Fagerhult est pr\u00e9sent dans 27 pays et compte pr\u00e8s de 4100 employ\u00e9s avec un chiffre d\u2019affaires de 743 millions d\u2019euros. <\/em><em>Au m\u00eame titre que Fagerhult, les autres marques du Groupe jouent chacune un r\u00f4le strat\u00e9gique dans le d\u00e9veloppement de l\u2019entreprise\u00a0: iGuzzini, Atelj\u00e9 Lyktan, LTS, Whitecroft Lighting, Designplan Lighting, Eagle Lighting, I-Valo, Arlight, Lighting Innovation, LED Linear, We-ef, Veko et Trato TLV.<\/em><\/p>\n<p><em>Pr\u00e9sente en France depuis 2006, la marque Fagerhult se d\u00e9veloppe tr\u00e8s fortement sur le march\u00e9 fran\u00e7ais de l\u2019\u00e9clairage int\u00e9rieur (et ext\u00e9rieur) haut de gamme. Afin de renforcer l\u2019\u00e9quipe, nous recherchons un\/une<\/em><\/p>\n<p><em>\u00a0<\/em><\/p>\n<h2 style=\"text-align: center;\"><strong>CHARGE(E) DE PRESCRIPTION \u2013 Indoor Paris<\/strong><\/h2>\n<p>&nbsp;<\/p>\n<p>Rattach\u00e9(e) au <em>Directeur Commercial Paris et Nord en France<\/em>, vos principales responsabilit\u00e9s seront\u00a0:<\/p>\n<p>&nbsp;<\/p>\n<ul>\n<li>D\u00e9velopper et animer un r\u00e9seau de prescripteurs (architectes, bureaux d\u2019\u00e9tudes, designers lumi\u00e8re, ma\u00eetres d\u2019ouvrage) sur la zone Paris \/ \u00cele-de-France.<\/li>\n<li>Promouvoir les solutions d\u2019\u00e9clairage indoor Fagerhult pour les projets tertiaires (bureaux, enseignement, sant\u00e9, industrie, espaces publics int\u00e9rieurs).<\/li>\n<li>Accompagner les prescripteurs d\u00e8s la phase amont des projets afin d\u2019int\u00e9grer les solutions Fagerhult dans les cahiers des charges et dossiers de consultation.<\/li>\n<li>Assurer un r\u00f4le de conseil technique et de prescription (normes, performances, durabilit\u00e9, confort visuel, solutions connect\u00e9es).<\/li>\n<li>Travailler en \u00e9troite collaboration avec les \u00e9quipes commerciales, projets, techniques et marketing afin d\u2019assurer la r\u00e9ussite des projets prescrits.<\/li>\n<li>Suivre les projets prescrits jusqu\u2019\u00e0 leur transformation en commandes, en coordination avec les \u00e9quipes de vente.<\/li>\n<li>Participer activement \u00e0 la strat\u00e9gie de prescription et au d\u00e9veloppement de la notori\u00e9t\u00e9 de Fagerhult sur le march\u00e9 indoor.<\/li>\n<\/ul>\n<p>&nbsp;<\/p>\n<p><strong>Votre profil\u00a0:<\/strong><\/p>\n<ul>\n<li>Exp\u00e9rience confirm\u00e9e dans la prescription ou le d\u00e9veloppement de projets, id\u00e9alement dans l\u2019\u00e9clairage, le b\u00e2timent ou l\u2019am\u00e9nagement tertiaire.<\/li>\n<li>Solide connaissance des acteurs de la prescription (architectes, BE, MO) sur Paris et sa r\u00e9gion.<\/li>\n<li>Une exp\u00e9rience dans l\u2019\u00e9clairage architectural ou technique sera un plus.<\/li>\n<li>Formation sup\u00e9rieure (commerce, ing\u00e9nierie, architecture, design, ou \u00e9quivalent).<\/li>\n<li>Forte app\u00e9tence pour le travail de terrain, la relation prescripteur et le d\u00e9veloppement de partenariats long terme.<\/li>\n<li>Capacit\u00e9 \u00e0 comprendre les enjeux techniques, esth\u00e9tiques et r\u00e9glementaires des projets indoor.<\/li>\n<li>Excellent relationnel, sens de l\u2019\u00e9coute et capacit\u00e9 \u00e0 instaurer une relation de confiance durable.<\/li>\n<li>Esprit d\u2019\u00e9quipe, autonomie, rigueur et sens de l\u2019organisation.<\/li>\n<li>Orientation r\u00e9sultats et culture projet.<\/li>\n<li>Ma\u00eetrise de l\u2019anglais appr\u00e9ci\u00e9e.<\/li>\n<\/ul>\n<p>&nbsp;<\/p>\n<p>Notre client offre un poste int\u00e9ressant et vari\u00e9 avec un niveau important de responsabilit\u00e9 et des opportunit\u00e9s d\u2019\u00e9volution personnelle. Vous joindrez une \u00e9quipe passionn\u00e9e et impliqu\u00e9e dans un groupe en fort d\u00e9veloppement au sein duquel vous pourrez vous \u00e9panouir !<\/p>\n<p>&nbsp;<\/p>\n<p><strong>Contact\u00a0:<\/strong><\/p>\n<p>Ce recrutement est g\u00e9r\u00e9 par Expatria Human Resource. Merci de transmettre votre candidature et CV <a href=\"mailto:apply@expatria.com?subject=Job r\u00e9f\u00e9rence 26301CPIPEXP\"><strong>ici<\/strong><\/a>. <strong>R\u00e9f\u00e9rence 26301CPIPEXP<\/strong>.<\/p>\n<p>Publi\u00e9 le 6 mars 2026.<\/p>\n<p>[\/et_pb_text][\/et_pb_column][\/et_pb_row][\/et_pb_section]<\/p>\n","protected":false},"excerpt":{"rendered":"<p>&nbsp; Expatria Human Resources est sp\u00e9cialis\u00e9 dans le recrutement pour le compte de groupes internationaux. \u00a0 Fagerhult (www.fagerhult.com) d\u00e9veloppe, fabrique et distribue des solutions d\u2019\u00e9clairage architecturales pour les espaces publics (commerces, bureaux, \u00e9coles, industries et h\u00f4pitaux). Les solutions d\u2019\u00e9clairage Fagerhult allient performances et design afin que l\u2019\u00e9clairage devienne un outil pour souligner l\u2019architecture et mettre [&hellip;]<\/p>\n","protected":false},"author":2,"featured_media":0,"parent":0,"menu_order":0,"comment_status":"closed","ping_status":"closed","template":"","meta":{"_et_pb_use_builder":"on","_et_pb_old_content":"","_et_gb_content_width":"","footnotes":""},"class_list":["post-7019","page","type-page","status-publish","hentry"],"_links":{"self":[{"href":"https:\/\/expatria.com\/de\/wp-json\/wp\/v2\/pages\/7019","targetHints":{"allow":["GET"]}}],"collection":[{"href":"https:\/\/expatria.com\/de\/wp-json\/wp\/v2\/pages"}],"about":[{"href":"https:\/\/expatria.com\/de\/wp-json\/wp\/v2\/types\/page"}],"author":[{"embeddable":true,"href":"https:\/\/expatria.com\/de\/wp-json\/wp\/v2\/users\/2"}],"replies":[{"embeddable":true,"href":"https:\/\/expatria.com\/de\/wp-json\/wp\/v2\/comments?post=7019"}],"version-history":[{"count":3,"href":"https:\/\/expatria.com\/de\/wp-json\/wp\/v2\/pages\/7019\/revisions"}],"predecessor-version":[{"id":7023,"href":"https:\/\/expatria.com\/de\/wp-json\/wp\/v2\/pages\/7019\/revisions\/7023"}],"wp:attachment":[{"href":"https:\/\/expatria.com\/de\/wp-json\/wp\/v2\/media?parent=7019"}],"curies":[{"name":"wp","href":"https:\/\/api.w.org\/{rel}","templated":true}]}}