{"id":5719,"date":"2024-11-14T10:26:47","date_gmt":"2024-11-14T10:26:47","guid":{"rendered":"https:\/\/expatria.com\/?page_id=5719"},"modified":"2026-03-27T15:36:11","modified_gmt":"2026-03-27T15:36:11","slug":"responsable-prescription-paris-ile-de-france","status":"publish","type":"page","link":"https:\/\/expatria.com\/fi\/responsable-prescription-paris-ile-de-france\/","title":{"rendered":"Responsable Prescription Paris \/ Ile de France"},"content":{"rendered":"<p>[et_pb_section fb_built=&#8221;1&#8243; _builder_version=&#8221;4.16&#8243; _module_preset=&#8221;default&#8221; global_colors_info=&#8221;{}&#8221;][et_pb_row _builder_version=&#8221;4.16&#8243; _module_preset=&#8221;default&#8221; global_colors_info=&#8221;{}&#8221;][et_pb_column type=&#8221;4_4&#8243; _builder_version=&#8221;4.16&#8243; _module_preset=&#8221;default&#8221; global_colors_info=&#8221;{}&#8221;][et_pb_text _builder_version=&#8221;4.27.6&#8243; _module_preset=&#8221;default&#8221; hover_enabled=&#8221;0&#8243; global_colors_info=&#8221;{}&#8221; sticky_enabled=&#8221;0&#8243;]<\/p>\n<p><img loading=\"lazy\" decoding=\"async\" class=\"alignnone wp-image-5669 \" src=\"https:\/\/expatria.com\/wp-content\/uploads\/2024\/11\/erco_6mm_black-300x92.png\" alt=\"\" width=\"212\" height=\"65\" srcset=\"https:\/\/expatria.com\/wp-content\/uploads\/2024\/11\/erco_6mm_black-300x92.png 300w, https:\/\/expatria.com\/wp-content\/uploads\/2024\/11\/erco_6mm_black.png 400w\" sizes=\"(max-width: 212px) 100vw, 212px\" \/><\/p>\n<p>&nbsp;<\/p>\n<p><strong>Expatria Human Resources<\/strong> est depuis 1988 sp\u00e9cialis\u00e9 dans le recrutement pour des groupes internationaux. Nous avons des bureau \u00e0 Paris et \u00e0 Stockholm.<\/p>\n<p><strong>ERCO<\/strong> (<a href=\"https:\/\/www.erco.com\/\" target=\"_blank\" rel=\"noopener\">www.erco.com<\/a>) est un leader international de l&#8217;\u00e9clairage architectural durable. Entreprise familiale fond\u00e9e en 1934 et dont le si\u00e8ge se situe en Allemagne, ERCO est pr\u00e9sente dans plus de 55 pays, au travers d&#8217;organisations commerciales ou de partenaires.<br \/>ERCO a su se d\u00e9velopper en Europe autour des ann\u00e9es 1960 dans le nouveau domaine qu&#8217;\u00e9tait alors l&#8217;\u00e9clairage architectural. \u00c0 peine 50 ans plus tard, l&#8217;entreprise a \u00e9t\u00e9 le premier fabricant classique d\u2019\u00e9clairage \u00e0 proposer une gamme de produits enti\u00e8rement bas\u00e9e sur la technologie LED.<br \/>Avec ERCO Greenology\u00ae, la strat\u00e9gie entrepreneuriale pour un \u00e9clairage durable, on associe responsabilit\u00e9 \u00e9cologique et comp\u00e9tence technologique.<br \/>Les principaux secteurs d&#8217;activit\u00e9 d\u2019ERCO sont la mise en lumi\u00e8re des mus\u00e9es et des galeries d\u2019art, des espaces de travail, des espaces publics et communautaires.<br \/>Pr\u00e9sente en France depuis 1978, la marque ERCO se d\u00e9veloppe tr\u00e8s fortement sur le march\u00e9 de l\u2019\u00e9clairage int\u00e9rieur et ext\u00e9rieur haut de gamme. Afin de renforcer l\u2019\u00e9quipe, nous recherchons maintenant un\/une :<\/p>\n<p>&nbsp;<\/p>\n<h2 style=\"text-align: center;\">Responsable Prescription<\/h2>\n<h5 style=\"text-align: center;\">PARIS \/ ILE DE FRANCE<\/h5>\n<p>&nbsp;<\/p>\n<p>Rattach\u00e9(e) au Directeur G\u00e9n\u00e9ral et sous la responsabilit\u00e9 du Directeur des Ventes Paris, vos missions principales seront :<\/p>\n<p>\u2022 Installer la pr\u00e9sence de la marque ERCO aupr\u00e8s tous les acteurs des projets (architectes, concepteurs d&#8217;\u00e9clairage, ing\u00e9nieurs, d\u00e9veloppeurs de projets, utilisateurs finaux, &#8230;).<br \/>\u2022 D\u00e9velopper et faire cro\u00eetre l&#8217;activit\u00e9 de prescription dans votre r\u00e9gion pour atteindre les objectifs commerciaux pr\u00e9d\u00e9finis, en accord avec la strat\u00e9gie de l\u2019entreprise.<br \/>\u2022 Travailler en \u00e9troite collaboration avec les diff\u00e9rents d\u00e9partements d&#8217;ERCO (service client, bureau d\u2019\u00e9tudes, marketing, autres commerciaux y compris parfois bas\u00e9s dans d\u2019autres pays \u2026).<br \/>\u2022 Suivre l\u2019int\u00e9gralit\u00e9 du processus de vente en mode projet.<br \/>\u2022 Poste bas\u00e9 au si\u00e8ge Parisien.<\/p>\n<p>&nbsp;<\/p>\n<p><strong>Votre profil :<\/strong><\/p>\n<p>Vous avez minimum 3 ans d&#8217;exp\u00e9rience dans la prescription et la vente de produits techniques et vous aimez motiver les clients \u00e0 investir dans un \u00e9clairage hautement qualitatif et parfaitement adapt\u00e9 \u00e0 leurs besoins. Vous avez l&#8217;esprit d&#8217;\u00e9quipe, vous \u00eates proactif(-ve) et vous \u00eates d\u00e9termin\u00e9(e) \u00e0 faire cro\u00eetre un business.<\/p>\n<p>Vous avez de l&#8217;exp\u00e9rience dans la gestion de projets, de la prescription \u00e0 la prise de commandes. Vous \u00eates \u00e9galement \u00e0 l\u2019aise dans le d\u00e9veloppement des affaires avec les clients actuels, la conqu\u00eate des nouveaux clients et leur fid\u00e9lisation. Vous avez de l&#8217;exp\u00e9rience avec tous les acteurs influents d\u2019un projet architectural. Une exp\u00e9rience dans un ou plusieurs des segments cibles d\u2019ERCO (\u2018Work\u2019, \u2018Culture\u2019 et \u2018Community\u2019) ou dans la gestion d\u2019installations dans des mus\u00e9es, dans les \u00e9quipements publics (e.g. de la Commission europ\u00e9enne ou de l\u2019OTAN), est un plus.<\/p>\n<p>Vous avez une r\u00e9elle aisance relationnelle et une excellente communication orale et \u00e9crite. Vous avez id\u00e9alement une exp\u00e9rience dans un environnement international. Vous poss\u00e9dez un bon niveau d\u2019anglais.<\/p>\n<p>Notre client ERCO offre un poste int\u00e9ressant et vari\u00e9 avec un niveau important de responsabilit\u00e9 et d\u2019autonomie. Vous rejoindrez une \u00e9quipe soud\u00e9e et passionn\u00e9e dans un groupe en tr\u00e8s fort d\u00e9veloppement.<\/p>\n<p>&nbsp;<\/p>\n<p><strong>Contact :<\/strong><br \/>Ce recrutement est g\u00e9r\u00e9 par Expatria Human Resources. Merci de transmettre votre candidature et CV <a href=\"mailto:apply@expatria.com?subject=Job r\u00e9f\u00e9rence 24112RPPIFEXP\"><strong>ici<\/strong><\/a>. <strong>R\u00e9f\u00e9rence 24112RPPIFEXP<\/strong>.<\/p>\n<p>Publi\u00e9 le 10 mars 2026.<\/p>\n<p>[\/et_pb_text][\/et_pb_column][\/et_pb_row][\/et_pb_section]<\/p>\n","protected":false},"excerpt":{"rendered":"<p>&nbsp; Expatria Human Resources est depuis 1988 sp\u00e9cialis\u00e9 dans le recrutement pour des groupes internationaux. Nous avons des bureau \u00e0 Paris et \u00e0 Stockholm. ERCO (www.erco.com) est un leader international de l&#8217;\u00e9clairage architectural durable. Entreprise familiale fond\u00e9e en 1934 et dont le si\u00e8ge se situe en Allemagne, ERCO est pr\u00e9sente dans plus de 55 pays, [&hellip;]<\/p>\n","protected":false},"author":2,"featured_media":0,"parent":0,"menu_order":0,"comment_status":"closed","ping_status":"closed","template":"","meta":{"_et_pb_use_builder":"on","_et_pb_old_content":"","_et_gb_content_width":"","footnotes":""},"class_list":["post-5719","page","type-page","status-publish","hentry"],"_links":{"self":[{"href":"https:\/\/expatria.com\/fi\/wp-json\/wp\/v2\/pages\/5719","targetHints":{"allow":["GET"]}}],"collection":[{"href":"https:\/\/expatria.com\/fi\/wp-json\/wp\/v2\/pages"}],"about":[{"href":"https:\/\/expatria.com\/fi\/wp-json\/wp\/v2\/types\/page"}],"author":[{"embeddable":true,"href":"https:\/\/expatria.com\/fi\/wp-json\/wp\/v2\/users\/2"}],"replies":[{"embeddable":true,"href":"https:\/\/expatria.com\/fi\/wp-json\/wp\/v2\/comments?post=5719"}],"version-history":[{"count":7,"href":"https:\/\/expatria.com\/fi\/wp-json\/wp\/v2\/pages\/5719\/revisions"}],"predecessor-version":[{"id":7055,"href":"https:\/\/expatria.com\/fi\/wp-json\/wp\/v2\/pages\/5719\/revisions\/7055"}],"wp:attachment":[{"href":"https:\/\/expatria.com\/fi\/wp-json\/wp\/v2\/media?parent=5719"}],"curies":[{"name":"wp","href":"https:\/\/api.w.org\/{rel}","templated":true}]}}