{"id":6583,"date":"2025-10-01T09:33:17","date_gmt":"2025-10-01T09:33:17","guid":{"rendered":"https:\/\/expatria.com\/?page_id=6583"},"modified":"2026-03-27T11:49:11","modified_gmt":"2026-03-27T11:49:11","slug":"key-account-manager-service-aftermarket-france","status":"publish","type":"page","link":"https:\/\/expatria.com\/fi\/key-account-manager-service-aftermarket-france\/","title":{"rendered":"Key Account Manager Service &#038; Aftermarket France"},"content":{"rendered":"<p>[et_pb_section fb_built=&#8221;1&#8243; _builder_version=&#8221;4.16&#8243; _module_preset=&#8221;default&#8221; global_colors_info=&#8221;{}&#8221;][et_pb_row _builder_version=&#8221;4.16&#8243; _module_preset=&#8221;default&#8221; global_colors_info=&#8221;{}&#8221;][et_pb_column type=&#8221;4_4&#8243; _builder_version=&#8221;4.16&#8243; _module_preset=&#8221;default&#8221; global_colors_info=&#8221;{}&#8221;][et_pb_text _builder_version=&#8221;4.27.5&#8243; _module_preset=&#8221;default&#8221; hover_enabled=&#8221;0&#8243; global_colors_info=&#8221;{}&#8221; sticky_enabled=&#8221;0&#8243;]<\/p>\n<p><img loading=\"lazy\" decoding=\"async\" class=\"alignnone wp-image-6433 \" src=\"https:\/\/expatria.com\/wp-content\/uploads\/2025\/09\/Dometic-logo-square-white-400x400-1-300x300.jpg\" alt=\"\" width=\"139\" height=\"139\" srcset=\"https:\/\/expatria.com\/wp-content\/uploads\/2025\/09\/Dometic-logo-square-white-400x400-1-300x300.jpg 300w, https:\/\/expatria.com\/wp-content\/uploads\/2025\/09\/Dometic-logo-square-white-400x400-1-150x150.jpg 150w, https:\/\/expatria.com\/wp-content\/uploads\/2025\/09\/Dometic-logo-square-white-400x400-1.jpg 400w\" sizes=\"(max-width: 139px) 100vw, 139px\" \/><\/p>\n<p><strong><em>Expatria Human Resources<\/em><\/strong><em> (<\/em><a href=\"https:\/\/www.expatria.com\"><em>www.expatria.com<\/em><\/a><em>), est depuis 1988 sp\u00e9cialis\u00e9 dans le recrutement pour des groupes internationaux.<\/em><\/p>\n<p><em>\u00a0<\/em><\/p>\n<p><em>Notre client<\/em><strong><em> Dometic<\/em><\/strong><em> (<\/em><a href=\"http:\/\/www.dometic.com\"><em>www.dometic.com<\/em><\/a><em>) est un leader mondial et propose des solutions innovantes autour de la vie mobile dans les domaines de la r\u00e9frig\u00e9ration (professionnelle et domestique), la climatisation, de l\u2019\u00e9nergie et la s\u00e9curit\u00e9. L\u2018aventure Dometic est historiquement li\u00e9e aux v\u00e9hicules de loisirs<\/em> <em>(VR), les v\u00e9hicules commerciaux et de tourisme (CPV), la marine, mais aussi le plein air et l\u2019h\u00f4tellerie.<\/em><\/p>\n<p><em>\u00a0<\/em><\/p>\n<p><em>Dometic exploite 25 sites de fabrication et d&#8217;assemblage dans 11 pays et r\u00e9alise des ventes dans une centaine de pays. L&#8217;entreprise a doubl\u00e9 de taille au cours des cinq derni\u00e8res ann\u00e9es. En 2024, le groupe a r\u00e9alis\u00e9 un chiffre d&#8217;affaires net d\u2019environ 2.4 milliards d\u2019euros et un b\u00e9n\u00e9fice d&#8217;exploitation d&#8217;environ 242 million d\u2019euros. Le Groupe est cot\u00e9 au Nasdaq Stockholm depuis 2015. Active en France depuis 30 ans, Dometic France recrute d\u00e9sormais un\/une<\/em><\/p>\n<p><em>\u00a0<\/em><\/p>\n<h2 style=\"text-align: center;\"><strong>KEY ACCOUNT MANAGER<\/strong><\/h2>\n<h3 style=\"text-align: center;\"><strong>Service &amp; Aftermarket (<em>SAM<\/em>) France<\/strong><\/h3>\n<p><em>\u00a0<\/em><\/p>\n<p><em>\u00a0<\/em><\/p>\n<p>Sous la responsabilit\u00e9 du <em>Sales Manager Service France<\/em> et en \u00e9troite collaboration avec les <em>Sales Representatives France<\/em> et les fonctions support (Technique, Administration des ventes, etc), la mission du <strong>Key Account Manager SAM<\/strong> France est d\u2019animer le r\u00e9seau de comptes clients RVAM (<em>Recreational Vehicles<\/em>) et CPVAM (<em>Car Passenger Vehicles<\/em>) en France avec pour objectif de d\u00e9velopper les ventes (d\u00e9veloppement des clients existants et acquisition de nouveaux clients) en lien avec la strat\u00e9gie du Groupe.<\/p>\n<p>Vous serez responsable d\u2019identifier les acteurs cl\u00e9s et les d\u00e9cideurs, de cr\u00e9er des relations solides avec les interlocuteurs cl\u00e9 aupr\u00e8s des cibles commerciales (afin d\u2019identifier les leviers de d\u00e9cisions et de les influencer), de comprendre leurs besoins afin de promouvoir les produits de Dometic. Vous serez responsable de la gestion de la relation commerciale de la compr\u00e9hension des besoins, la proposition de solutions, la mise en avant des produits Dometic, la n\u00e9gociation et contractualisation des accords, le d\u00e9ploiement et le suivi des engagements commerciaux au r\u00e9f\u00e9rencement chez les clients, etc.<\/p>\n<p>Vous serez \u00e9galement charg\u00e9(e) d\u2019animer la communaut\u00e9 de <em>Sales Representatives<\/em> sur la gestion op\u00e9rationnelle de ces comptes. Vous assurerez la communication ascendante et descendante aupr\u00e8s de l\u2019\u00e9quipe ventes SAM France. Vous serez responsable du suivi de la performance et des engagements pour les comptes plac\u00e9s sous votre responsabilit\u00e9.<\/p>\n<p>Vous serez aussi charg\u00e9(e) d\u2019effectuer une veille afin de d\u00e9velopper une connaissance du march\u00e9. Vous serez force de proposition dans l\u2019\u00e9laboration de la strat\u00e9gie de d\u00e9veloppement des ventes pour SAM France.<\/p>\n<p>Votre mission principale sera de d\u00e9velopper et g\u00e9rer un r\u00e9seau de clients comme suit\u00a0:<\/p>\n<ul>\n<li>RVAM\u00a0: revendeurs, concessionnaires<\/li>\n<li>E-tailers (e-commerce)<\/li>\n<li>Le SVM : carrossiers constructeurs, grande flotte et les <em>Van Converters <\/em><\/li>\n<li>Le Poids Lourds : R\u00e9seaux de Marques et Ind\u00e9pendants<\/li>\n<li>L\u2019automobile: Revendeurs, Distributeurs, r\u00e9seaux sp\u00e9cialis\u00e9s<\/li>\n<\/ul>\n<p>&nbsp;<\/p>\n<p><strong>Votre profil :<\/strong><\/p>\n<ul>\n<li>Profil entrepreneur et autonome avec de r\u00e9elles capacit\u00e9s \u00e0 d\u00e9velopper et conqu\u00e9rir un march\u00e9 (<em>hunter<\/em>).<\/li>\n<li>Exp\u00e9rience av\u00e9r\u00e9e dans la vente et la gestion de comptes B2B et B2B2C du march\u00e9 secondaire des v\u00e9hicules et connaissances du secteur des v\u00e9hicules de loisirs.<\/li>\n<li>Exp\u00e9rience dans la gestion de comptes cl\u00e9s et en n\u00e9gociation de contrats.<\/li>\n<li>Aisance relationnelle et excellente communication orale et \u00e9crite. Anglais professionnel (pour pouvoir interagir avec les interlocuteurs du Groupe).<\/li>\n<li>Dipl\u00f4m\u00e9(e) de l\u2019enseignement sup\u00e9rieur (\u00e9cole de commerce, marketing\u2026) avec un fort int\u00e9r\u00eat pour le d\u00e9veloppement des affaires.<\/li>\n<li>R\u00e9activit\u00e9 et proactivit\u00e9.<\/li>\n<li>Capacit\u00e9 analytique et de r\u00e9solution de probl\u00e8me. Gout pour les chiffres.<\/li>\n<li>Sens des affaires, go\u00fbt pour le challenge et tr\u00e8s orient\u00e9(e) r\u00e9sultats.<\/li>\n<li>Maitrise du pack Microsoft Office (Excel, PowerPoint,\u2026).<\/li>\n<li>D\u00e9placements tr\u00e8s r\u00e9guliers en France (pr\u00e9sence terrain n\u00e9cessaire).<\/li>\n<li>R\u00e9sident(e) en France avec une pr\u00e9sence r\u00e9guli\u00e8re au si\u00e8ge de Chamant (60).<\/li>\n<\/ul>\n<p>&nbsp;<\/p>\n<p><strong>Contact\u00a0:<\/strong><\/p>\n<p>Si vous \u00eates passionn\u00e9(e) par le d\u00e9veloppement commercial et les solutions techniques dans le secteur des v\u00e9hicules sp\u00e9cialis\u00e9s, ce poste de KAM Service &amp; Aftermarket chez notre client Dometic est pour vous\u00a0!<\/p>\n<p>Vous rejoindrez une \u00e9quipe soud\u00e9e et passionn\u00e9e dans un groupe en tr\u00e8s fort d\u00e9veloppement avec des possibilit\u00e9s d\u2019\u00e9volution.<\/p>\n<p>Ce recrutement est g\u00e9r\u00e9 par <strong>Expatria Human Resources<\/strong>. Merci de transmettre votre candidature et CV <a href=\"mailto:apply@expatria.com?subject=Job r\u00e9f\u00e9rence 25101KAMFEXP\"><strong>ici<\/strong><\/a>. <strong>R\u00e9f\u00e9rence 25101KAMFEXP<\/strong>.<\/p>\n<p>Publi\u00e9 le 10 mars 2026.<\/p>\n<p>[\/et_pb_text][\/et_pb_column][\/et_pb_row][\/et_pb_section]<\/p>\n","protected":false},"excerpt":{"rendered":"<p>Expatria Human Resources (www.expatria.com), est depuis 1988 sp\u00e9cialis\u00e9 dans le recrutement pour des groupes internationaux. \u00a0 Notre client Dometic (www.dometic.com) est un leader mondial et propose des solutions innovantes autour de la vie mobile dans les domaines de la r\u00e9frig\u00e9ration (professionnelle et domestique), la climatisation, de l\u2019\u00e9nergie et la s\u00e9curit\u00e9. L\u2018aventure Dometic est historiquement li\u00e9e [&hellip;]<\/p>\n","protected":false},"author":2,"featured_media":0,"parent":0,"menu_order":0,"comment_status":"closed","ping_status":"closed","template":"","meta":{"_et_pb_use_builder":"on","_et_pb_old_content":"","_et_gb_content_width":"","footnotes":""},"class_list":["post-6583","page","type-page","status-publish","hentry"],"_links":{"self":[{"href":"https:\/\/expatria.com\/fi\/wp-json\/wp\/v2\/pages\/6583","targetHints":{"allow":["GET"]}}],"collection":[{"href":"https:\/\/expatria.com\/fi\/wp-json\/wp\/v2\/pages"}],"about":[{"href":"https:\/\/expatria.com\/fi\/wp-json\/wp\/v2\/types\/page"}],"author":[{"embeddable":true,"href":"https:\/\/expatria.com\/fi\/wp-json\/wp\/v2\/users\/2"}],"replies":[{"embeddable":true,"href":"https:\/\/expatria.com\/fi\/wp-json\/wp\/v2\/comments?post=6583"}],"version-history":[{"count":5,"href":"https:\/\/expatria.com\/fi\/wp-json\/wp\/v2\/pages\/6583\/revisions"}],"predecessor-version":[{"id":7048,"href":"https:\/\/expatria.com\/fi\/wp-json\/wp\/v2\/pages\/6583\/revisions\/7048"}],"wp:attachment":[{"href":"https:\/\/expatria.com\/fi\/wp-json\/wp\/v2\/media?parent=6583"}],"curies":[{"name":"wp","href":"https:\/\/api.w.org\/{rel}","templated":true}]}}