{"id":6617,"date":"2025-10-13T13:34:59","date_gmt":"2025-10-13T13:34:59","guid":{"rendered":"https:\/\/expatria.com\/?page_id=6617"},"modified":"2025-12-16T09:22:30","modified_gmt":"2025-12-16T09:22:30","slug":"agency-manager-idf","status":"publish","type":"page","link":"https:\/\/expatria.com\/fi\/agency-manager-idf\/","title":{"rendered":"Agency Manager Ile de France"},"content":{"rendered":"<p>[et_pb_section fb_built=&#8221;1&#8243; _builder_version=&#8221;4.16&#8243; _module_preset=&#8221;default&#8221; global_colors_info=&#8221;{}&#8221;][et_pb_row _builder_version=&#8221;4.16&#8243; _module_preset=&#8221;default&#8221; global_colors_info=&#8221;{}&#8221;][et_pb_column type=&#8221;4_4&#8243; _builder_version=&#8221;4.16&#8243; _module_preset=&#8221;default&#8221; global_colors_info=&#8221;{}&#8221;][et_pb_text _builder_version=&#8221;4.27.4&#8243; _module_preset=&#8221;default&#8221; hover_enabled=&#8221;0&#8243; global_colors_info=&#8221;{}&#8221; sticky_enabled=&#8221;0&#8243;]<\/p>\n<p><img loading=\"lazy\" decoding=\"async\" class=\"alignnone wp-image-4209 \" src=\"https:\/\/expatria.com\/wp-content\/uploads\/2022\/11\/swegon-vector-logo-300x167.png\" alt=\"\" width=\"160\" height=\"89\" \/><\/p>\n<p><strong><em>Expatria Human Resources<\/em><\/strong> <em>est depuis 1988 sp\u00e9cialis\u00e9 dans le recrutement pour des groupes internationaux. <\/em><\/p>\n<p>&nbsp;<\/p>\n<p><em>Notre client <\/em><strong><em>Swegon Group AB<\/em><\/strong><em> (<\/em><a href=\"http:\/\/www.swegon.com\" target=\"_blank\" rel=\"noopener\"><em>www.swegon.com<\/em><\/a><em>), d\u00e9tenu par Investment AB Latour, soci\u00e9t\u00e9 cot\u00e9e \u00e0 la bourse de Stockholm, est un fabricant dans le domaine de l&#8217;environnement int\u00e9rieur, offrant des solutions pour la ventilation, le chauffage et le refroidissement. Son offre comprend \u00e9galement des syst\u00e8mes d&#8217;optimisation du climat int\u00e9rieur, ainsi qu\u2019une palette compl\u00e8te de services et d\u2019assistance technique. <\/em><\/p>\n<p><em><br \/>Swegon poss\u00e8de des filiales et des distributeurs dans le monde entier, 17 usines de production en Europe, en Am\u00e9rique du Nord et en Inde ainsi que 6 laboratoires R&amp;D. La soci\u00e9t\u00e9 emploie plus de 4 000 personnes et r\u00e9alise un chiffre d&#8217;affaires d\u2019environ 1 milliard d\u2019euros. Pour la filiale fran\u00e7aise en forte croissance et avec une part de march\u00e9 significative, nous recrutons aujourd\u2019hui un\/une<\/em><\/p>\n<p><em>\u00a0<\/em><\/p>\n<h2 style=\"text-align: center;\"><em>\u00a0<\/em><strong>Responsable des Ventes &#8211; Ile de France<\/strong><\/h2>\n<p><strong>\u00a0<\/strong><\/p>\n<p>Rattach\u00e9(e) au Directeur Commercial France, vos responsabilit\u00e9s principales seront<strong>\u00a0:<\/strong><\/p>\n<ul>\n<li>Management d\u2019\u00e9quipe : Encadrer, animer et motiver une \u00e9quipe de quelques ing\u00e9nieurs commerciaux en Ile de France.<\/li>\n<li>Accompagner les collaborateurs dans leur mont\u00e9e en comp\u00e9tences (coaching, formation, suivi d\u2019objectifs).<\/li>\n<li>Fixer les objectifs individuels et collectifs, suivre les performances et mettre en place les plans d\u2019action n\u00e9cessaires.<\/li>\n<li>Reporting conform\u00e9ment aux directives existantes.<\/li>\n<li>Superviser le respect des proc\u00e9dures internes (tarification, offres, conditions commerciales).<\/li>\n<li>Garantir la qualit\u00e9 et la conformit\u00e9 des propositions commerciales \u00e9mises par l\u2019\u00e9quipe.<\/li>\n<li>Surveiller l\u2019\u00e9volution du march\u00e9 et l\u2019activit\u00e9 des concurrents.<\/li>\n<li>Assumer une double activit\u00e9 de prescription et de captation d\u2019affaires en apportant votre expertise technique et commerciale.<\/li>\n<li>Participer activement \u00e0 la prospection, la fid\u00e9lisation et le suivi des grands comptes r\u00e9gionaux.<\/li>\n<li>Collaboration \u00e9troite avec l\u2019\u00e9quipe support des ventes et chefs de produit<\/li>\n<li>Avoir un pilotage de l\u2019activit\u00e9 au travers du CRM (Microsoft Dynamics)<\/li>\n<\/ul>\n<p>&nbsp;<\/p>\n<p><strong>Profil: <\/strong><\/p>\n<ul>\n<li>Exp\u00e9rience confirm\u00e9e (5 \u00e0 10 ans) dans le management d\u2019\u00e9quipes commerciales B2B, id\u00e9alement dans le secteur du g\u00e9nie climatique, du b\u00e2timent ou de l\u2019industrie.<\/li>\n<li>Connaissance du tissu \u00e9conomique de la r\u00e9gion \u00cele-de-France et des circuits d\u00e9cisionnels du secteur (bureaux d\u2019\u00e9tudes, ma\u00eetrise d\u2019ouvrage, entreprises g\u00e9n\u00e9rales &amp; sous-traitants, installateurs et architectes).<\/li>\n<li>Formation G\u00e9nie climatique ou \u00e9lectrom\u00e9canique (min Bac+2), un dipl\u00f4me d\u2019Ing\u00e9nieur serait un plus.<\/li>\n<li>Vous avez une forte app\u00e9tence pour les produits techniques.<\/li>\n<li>Sens des affaires et tr\u00e8s orient\u00e9(e) r\u00e9sultats.<\/li>\n<li>R\u00e9elle aisance relationnelle et excellente communication orale et \u00e9crite.<\/li>\n<li>Bonnes connaissances informatiques (pack Office, CRM\u2026).<\/li>\n<li>Energique, volontaire, dynamique, chasseur.<\/li>\n<li>Bon niveau d\u2019anglais est un plus.<\/li>\n<li>Bas\u00e9.e dans les locaux de Swegon \u00e0 Rungis. Home Office possible.<\/li>\n<\/ul>\n<p>&nbsp;<\/p>\n<p>Notre client offre un poste int\u00e9ressant et vari\u00e9 avec un niveau important de responsabilit\u00e9. Si vous souhaitez participer au d\u00e9veloppement d\u2019un groupe en pleine croissance et en perp\u00e9tuelle \u00e9volution, ce poste est pour vous\u00a0!<\/p>\n<p>&nbsp;<\/p>\n<p>Ce recrutement est g\u00e9r\u00e9 par Expatria Human Resources. Merci de transmettre votre candidature et CV <a href=\"mailto:apply@expatria.com?subject=Job r\u00e9f\u00e9rence 25903RAPEXP\"><strong>ici<\/strong><\/a>. <strong>R\u00e9f\u00e9rence 25903RAPEXP<\/strong>.<\/p>\n<p>Publi\u00e9 le 16 d\u00e9cembre 2025.<\/p>\n<p>[\/et_pb_text][\/et_pb_column][\/et_pb_row][\/et_pb_section]<\/p>\n","protected":false},"excerpt":{"rendered":"<p>Expatria Human Resources est depuis 1988 sp\u00e9cialis\u00e9 dans le recrutement pour des groupes internationaux. &nbsp; Notre client Swegon Group AB (www.swegon.com), d\u00e9tenu par Investment AB Latour, soci\u00e9t\u00e9 cot\u00e9e \u00e0 la bourse de Stockholm, est un fabricant dans le domaine de l&#8217;environnement int\u00e9rieur, offrant des solutions pour la ventilation, le chauffage et le refroidissement. Son offre [&hellip;]<\/p>\n","protected":false},"author":2,"featured_media":0,"parent":0,"menu_order":0,"comment_status":"closed","ping_status":"closed","template":"","meta":{"_et_pb_use_builder":"on","_et_pb_old_content":"","_et_gb_content_width":"","footnotes":""},"class_list":["post-6617","page","type-page","status-publish","hentry"],"_links":{"self":[{"href":"https:\/\/expatria.com\/fi\/wp-json\/wp\/v2\/pages\/6617","targetHints":{"allow":["GET"]}}],"collection":[{"href":"https:\/\/expatria.com\/fi\/wp-json\/wp\/v2\/pages"}],"about":[{"href":"https:\/\/expatria.com\/fi\/wp-json\/wp\/v2\/types\/page"}],"author":[{"embeddable":true,"href":"https:\/\/expatria.com\/fi\/wp-json\/wp\/v2\/users\/2"}],"replies":[{"embeddable":true,"href":"https:\/\/expatria.com\/fi\/wp-json\/wp\/v2\/comments?post=6617"}],"version-history":[{"count":11,"href":"https:\/\/expatria.com\/fi\/wp-json\/wp\/v2\/pages\/6617\/revisions"}],"predecessor-version":[{"id":6847,"href":"https:\/\/expatria.com\/fi\/wp-json\/wp\/v2\/pages\/6617\/revisions\/6847"}],"wp:attachment":[{"href":"https:\/\/expatria.com\/fi\/wp-json\/wp\/v2\/media?parent=6617"}],"curies":[{"name":"wp","href":"https:\/\/api.w.org\/{rel}","templated":true}]}}