{"id":5238,"date":"2023-12-20T20:20:37","date_gmt":"2023-12-20T20:20:37","guid":{"rendered":"https:\/\/expatria.com\/?page_id=5238"},"modified":"2025-09-25T10:38:44","modified_gmt":"2025-09-25T10:38:44","slug":"vertriebsmitarbeiter-ausendienst-nord-und-ostdeutschland","status":"publish","type":"page","link":"https:\/\/expatria.com\/fr\/vertriebsmitarbeiter-ausendienst-nord-und-ostdeutschland\/","title":{"rendered":"Vertriebsmitarbeiter Au\u00dfendienst Nord- und Ostdeutschland"},"content":{"rendered":"<p>[et_pb_section fb_built=\u00a0\u00bb1&Prime; _builder_version=\u00a0\u00bb4.16&Prime; _module_preset=\u00a0\u00bbdefault\u00a0\u00bb global_colors_info=\u00a0\u00bb{}\u00a0\u00bb][et_pb_row _builder_version=\u00a0\u00bb4.16&Prime; _module_preset=\u00a0\u00bbdefault\u00a0\u00bb global_colors_info=\u00a0\u00bb{}\u00a0\u00bb][et_pb_column type=\u00a0\u00bb4_4&Prime; _builder_version=\u00a0\u00bb4.16&Prime; _module_preset=\u00a0\u00bbdefault\u00a0\u00bb global_colors_info=\u00a0\u00bb{}\u00a0\u00bb][et_pb_text _builder_version=\u00a0\u00bb4.27.3&Prime; _module_preset=\u00a0\u00bbdefault\u00a0\u00bb hover_enabled=\u00a0\u00bb0&Prime; global_colors_info=\u00a0\u00bb{}\u00a0\u00bb sticky_enabled=\u00a0\u00bb0&Prime;]<\/p>\n<p><img loading=\"lazy\" decoding=\"async\" class=\"alignnone wp-image-4348 \" src=\"https:\/\/expatria.com\/wp-content\/uploads\/2023\/02\/Softline-logo.jpg\" alt=\"\" width=\"131\" height=\"89\" \/><\/p>\n<p>&nbsp;<\/p>\n<p><strong><em>Expatria Human Resources<\/em><\/strong> <em>mit Niederlassungen in Stockholm und Paris, ist seit 35 Jahren darauf spezialisiert international Mitarbeiter anzuwerben.<\/em><\/p>\n<p><strong><em>SOFTLINE A\/S<\/em><\/strong><em> (<\/em><strong><a href=\"https:\/\/softlinefurniture.com\/\" target=\"_blank\" rel=\"noopener\"><em>softlinefurniture.com<\/em><\/a><\/strong><em>) entwirft, produziert und vertreibt weltweit qualitativ hochwertige M\u00f6bel. Mit einem vielf\u00e4ltigen Portfolio an innovativen und funktionalen Designm\u00f6beln ist SOFTLINE zu einer globalen Marke geworden, die ihr modernes Design heute in 61 L\u00e4ndern verkauft. Der Hauptsitz von SOFTLINE befindet sich in D\u00e4nemark, wo \u00fcber 60 Mitarbeiter engagiert daf\u00fcr sorgen, dass die hochwertigen Designm\u00f6bel an Kunden in aller Welt vertrieben werden.\u00a0<\/em><em>SOFTLINE sucht jetzt einen<\/em><\/p>\n<p>&nbsp;<\/p>\n<h2 style=\"text-align: center;\"><strong>Vertriebsmitarbeiter Au\u00dfendienst Nord- und Ostdeutschland (m\/w\/d)<\/strong><\/h2>\n<p>&nbsp;<\/p>\n<p><strong>Ihre Aufgaben<\/strong><\/p>\n<ul>\n<li>Vertriebs- und Budgetverantwortung f\u00fcr die Entwicklung des Marktes in der Region<\/li>\n<li>Umsetzung und Weiterentwicklung der definierten Vertriebsstrategie<\/li>\n<li>Planung und Ausf\u00fchrung von Produkteinf\u00fchrungen und Werbeinitiativen<\/li>\n<li>Kontinuierlicher Ausbau des Partnernetzwerkes in der Region<\/li>\n<li>Aufbau und Weiterentwicklung der Zusammenarbeit mit bestehenden und neuen Architekten und Planern<\/li>\n<li>Schulung und Motivation der Planungs- und Vertriebsteams bei H\u00e4ndlern und Partnern<\/li>\n<li>Identifizierung und Gewinnung neuer Projekte sowie Verwaltung und Analyse der Projektpipeline<\/li>\n<li>Aktiver Einsatz und Nutzung von CRM- und Reporting-Tools<\/li>\n<li>Mitwirkung an der Weiterentwicklung von Marketing- und Verkaufsunterlagen<\/li>\n<li>Analyse und aktive Beobachtung der Wettbewerbssituation am Markt<\/li>\n<li>Teilnahme an den f\u00fchrenden internationalen M\u00f6belmessen<\/li>\n<\/ul>\n<p>&nbsp;<\/p>\n<p><strong>Ihr Profil<\/strong><\/p>\n<ul>\n<li>Betriebswirtschaftliches Studium bzw. eine vergleichbare kaufm\u00e4nnische Ausbildung<\/li>\n<li>Gerne mit erster Vertriebserfahrung in der M\u00f6bel- oder Modebranche<\/li>\n<li>Interesse f\u00fcr Mode und Design<\/li>\n<li>Ergebnisorientiert und proaktiv, um die Ziele des Unternehmens zu erreichen<\/li>\n<li>Die F\u00e4higkeit, langfristige Gesch\u00e4ftsbeziehungen mit H\u00e4ndlern, Architekten und Partnern aufzubauen<\/li>\n<li>Starke Pr\u00e4sentations-, Kommunikations- und Verhandlungsf\u00e4higkeiten<\/li>\n<li>Professionelle IT- und CRM-Kenntnisse<\/li>\n<li>Eine T\u00e4tigkeit mit Gesch\u00e4ftsreisen und Kundenbesuchen entspricht Ihren Vorstellungen<\/li>\n<li>Ihr Wohnort befindet sich idealerweise im Gro\u00dfraum Hamburg oder Berlin<\/li>\n<\/ul>\n<p>&nbsp;<\/p>\n<p><strong>Kontakt<\/strong><\/p>\n<p>Diese Anwerbung wird durch Expatria Human Resources durchgef\u00fchrt. Bitte benutzen Sie folgenden <a href=\"mailto:apply@expatria.com?subject=Job Referenz 23121RSMNGEXP\"><strong>Link<\/strong><\/a> um Ihre Bewerbungsunterlagen einzureichen. Referenz: <strong>23121RSMNGEXP<\/strong>.<\/p>\n<p>[\/et_pb_text][\/et_pb_column][\/et_pb_row][\/et_pb_section]<\/p>\n","protected":false},"excerpt":{"rendered":"<p>&nbsp; Expatria Human Resources mit Niederlassungen in Stockholm und Paris, ist seit 35 Jahren darauf spezialisiert international Mitarbeiter anzuwerben. SOFTLINE A\/S (softlinefurniture.com) entwirft, produziert und vertreibt weltweit qualitativ hochwertige M\u00f6bel. Mit einem vielf\u00e4ltigen Portfolio an innovativen und funktionalen Designm\u00f6beln ist SOFTLINE zu einer globalen Marke geworden, die ihr modernes Design heute in 61 L\u00e4ndern verkauft. [&hellip;]<\/p>\n","protected":false},"author":2,"featured_media":0,"parent":0,"menu_order":0,"comment_status":"closed","ping_status":"closed","template":"","meta":{"_et_pb_use_builder":"on","_et_pb_old_content":"","_et_gb_content_width":"","footnotes":""},"class_list":["post-5238","page","type-page","status-publish","hentry"],"_links":{"self":[{"href":"https:\/\/expatria.com\/fr\/wp-json\/wp\/v2\/pages\/5238","targetHints":{"allow":["GET"]}}],"collection":[{"href":"https:\/\/expatria.com\/fr\/wp-json\/wp\/v2\/pages"}],"about":[{"href":"https:\/\/expatria.com\/fr\/wp-json\/wp\/v2\/types\/page"}],"author":[{"embeddable":true,"href":"https:\/\/expatria.com\/fr\/wp-json\/wp\/v2\/users\/2"}],"replies":[{"embeddable":true,"href":"https:\/\/expatria.com\/fr\/wp-json\/wp\/v2\/comments?post=5238"}],"version-history":[{"count":4,"href":"https:\/\/expatria.com\/fr\/wp-json\/wp\/v2\/pages\/5238\/revisions"}],"predecessor-version":[{"id":5740,"href":"https:\/\/expatria.com\/fr\/wp-json\/wp\/v2\/pages\/5238\/revisions\/5740"}],"wp:attachment":[{"href":"https:\/\/expatria.com\/fr\/wp-json\/wp\/v2\/media?parent=5238"}],"curies":[{"name":"wp","href":"https:\/\/api.w.org\/{rel}","templated":true}]}}