{"id":6935,"date":"2026-02-03T14:07:18","date_gmt":"2026-02-03T14:07:18","guid":{"rendered":"https:\/\/expatria.com\/?page_id=6935"},"modified":"2026-02-03T14:07:57","modified_gmt":"2026-02-03T14:07:57","slug":"responsable-prescription-france-est-et-nord","status":"publish","type":"page","link":"https:\/\/expatria.com\/fr\/responsable-prescription-france-est-et-nord\/","title":{"rendered":"Responsable Prescription France Est et Nord"},"content":{"rendered":"<p>[et_pb_section fb_built=\u00a0\u00bb1&Prime; _builder_version=\u00a0\u00bb4.16&Prime; _module_preset=\u00a0\u00bbdefault\u00a0\u00bb global_colors_info=\u00a0\u00bb{}\u00a0\u00bb theme_builder_area=\u00a0\u00bbpost_content\u00a0\u00bb][et_pb_row _builder_version=\u00a0\u00bb4.16&Prime; _module_preset=\u00a0\u00bbdefault\u00a0\u00bb global_colors_info=\u00a0\u00bb{}\u00a0\u00bb theme_builder_area=\u00a0\u00bbpost_content\u00a0\u00bb][et_pb_column type=\u00a0\u00bb4_4&Prime; _builder_version=\u00a0\u00bb4.16&Prime; _module_preset=\u00a0\u00bbdefault\u00a0\u00bb global_colors_info=\u00a0\u00bb{}\u00a0\u00bb theme_builder_area=\u00a0\u00bbpost_content\u00a0\u00bb][et_pb_text _builder_version=\u00a0\u00bb4.27.5&Prime; _module_preset=\u00a0\u00bbdefault\u00a0\u00bb hover_enabled=\u00a0\u00bb0&Prime; global_colors_info=\u00a0\u00bb{}\u00a0\u00bb theme_builder_area=\u00a0\u00bbpost_content\u00a0\u00bb sticky_enabled=\u00a0\u00bb0&Prime;]<\/p>\n<p><img loading=\"lazy\" decoding=\"async\" class=\"alignnone wp-image-5669 \" src=\"https:\/\/expatria.com\/wp-content\/uploads\/2024\/11\/erco_6mm_black-300x92.png\" alt=\"\" width=\"186\" height=\"57\" srcset=\"https:\/\/expatria.com\/wp-content\/uploads\/2024\/11\/erco_6mm_black-300x92.png 300w, https:\/\/expatria.com\/wp-content\/uploads\/2024\/11\/erco_6mm_black.png 400w\" sizes=\"(max-width: 186px) 100vw, 186px\" \/><\/p>\n<p>&nbsp;<\/p>\n<p><strong><em>Expatria Human Resources<\/em><\/strong> <em>est depuis 1988 sp\u00e9cialis\u00e9 dans le recrutement pour des groupes internationaux.\u00a0<\/em><\/p>\n<p><em>Notre client <\/em><strong><em>ERCO<\/em><\/strong><em> (<\/em><strong><a href=\"http:\/\/www.erco.com\" target=\"_blank\" rel=\"noopener\"><em>www.erco.com<\/em><\/a><\/strong><em><strong>)<\/strong> est un leader international de l&rsquo;\u00e9clairage architectural durable. Entreprise familiale fond\u00e9e en 1934 et dont le si\u00e8ge se situe en Allemagne, ERCO est pr\u00e9sente dans plus de 55 pays, au travers d&rsquo;organisations commerciales ou de partenaires. <\/em><\/p>\n<p><em>ERCO a su se d\u00e9velopper en Europe autour des ann\u00e9es 1960 dans le nouveau domaine qu&rsquo;\u00e9tait alors l&rsquo;\u00e9clairage architectural. \u00c0 peine 50 ans plus tard, l&rsquo;entreprise a \u00e9t\u00e9 le premier fabricant classique d\u2019\u00e9clairage \u00e0 proposer une gamme de produits enti\u00e8rement bas\u00e9e sur la technologie LED. <\/em><\/p>\n<p><em>Avec ERCO Greenology\u00ae, la strat\u00e9gie entrepreneuriale pour un \u00e9clairage durable, on associe responsabilit\u00e9 \u00e9cologique et comp\u00e9tence technologique.<\/em><\/p>\n<p><em>Les principaux secteurs d&rsquo;activit\u00e9 d\u2019ERCO sont la mise en lumi\u00e8re des mus\u00e9es et des galeries d\u2019art, des espaces de travail, des espaces publics et communautaires.<\/em><\/p>\n<p><em>Pr\u00e9sente en France depuis 1978, la marque ERCO se d\u00e9veloppe tr\u00e8s fortement sur le march\u00e9 de l\u2019\u00e9clairage int\u00e9rieur et ext\u00e9rieur haut de gamme. Afin de renforcer l\u2019\u00e9quipe, notre client recrute maintenant un\/une\u00a0:<\/em><\/p>\n<p>&nbsp;<\/p>\n<h2 style=\"text-align: center;\"><strong>Responsable Prescription<\/strong><\/h2>\n<p style=\"text-align: center;\"><strong>France EST et NORD<\/strong><\/p>\n<p><strong>\u00a0<\/strong><\/p>\n<p><strong>\u00a0<\/strong><\/p>\n<p>Rattach\u00e9(e) au Directeur G\u00e9n\u00e9ral et sous la responsabilit\u00e9 du Directeur des Ventes R\u00e9gions, vos missions principales seront\u00a0:<\/p>\n<ul>\n<li>Installer la pr\u00e9sence de la marque ERCO aupr\u00e8s de tous les acteurs des projets (architectes, concepteurs d&rsquo;\u00e9clairage, ing\u00e9nieurs, d\u00e9veloppeurs de projets, utilisateurs finaux, &#8230;).<\/li>\n<li>D\u00e9velopper et faire cro\u00eetre l&rsquo;activit\u00e9 de prescription sur les secteurs EST et NORD pour atteindre les objectifs commerciaux pr\u00e9d\u00e9finis, en accord avec la strat\u00e9gie de l\u2019entreprise.<\/li>\n<li>Travailler en \u00e9troite collaboration avec les diff\u00e9rents d\u00e9partements d&rsquo;ERCO (service client, bureau d\u2019\u00e9tudes, marketing, autres commerciaux y compris parfois bas\u00e9s dans d\u2019autres pays \u2026).<\/li>\n<li>Suivre l\u2019int\u00e9gralit\u00e9 du processus de vente en mode projet.<\/li>\n<li>Poste bas\u00e9 en Home Office dans l\u2019est de la France (Nancy \u2013 Metz \u2013 Strasbourg \u2013 Reims\u2026).<\/li>\n<\/ul>\n<p>&nbsp;<\/p>\n<p><strong>Votre profil\u00a0:<\/strong><\/p>\n<p>Vous avez minimum 5 ans d&rsquo;exp\u00e9rience dans la prescription et la vente de produits techniques et vous aimez motiver les clients \u00e0 investir dans un \u00e9clairage hautement qualitatif et parfaitement adapt\u00e9 \u00e0 leurs besoins. Vous avez l&rsquo;esprit d&rsquo;\u00e9quipe, vous \u00eates proactif(-ve) et vous \u00eates d\u00e9termin\u00e9(e) \u00e0 faire cro\u00eetre un business.<\/p>\n<p>Vous avez de l&rsquo;exp\u00e9rience dans la gestion de projets, de la prescription \u00e0 la prise de commandes. Vous \u00eates \u00e9galement \u00e0 l\u2019aise dans le d\u00e9veloppement des affaires avec les clients actuels, la conqu\u00eate des nouveaux clients et leur fid\u00e9lisation. Vous avez de l&rsquo;exp\u00e9rience avec tous les acteurs influents d\u2019un projet architectural. Une exp\u00e9rience dans un ou plusieurs des segments cibles d\u2019ERCO (\u2018<em>Work<\/em>\u2019, \u2018<em>Culture<\/em>\u2019 et \u2018<em>Community<\/em>\u2019) ou dans la gestion d\u2019installations dans des mus\u00e9es, dans les \u00e9quipements publics etc., est un plus.<\/p>\n<p>Vous avez une r\u00e9elle aisance relationnelle et une excellente communication orale et \u00e9crite. Vous avez id\u00e9alement une exp\u00e9rience dans un environnement international. Vous poss\u00e9dez un niveau d\u2019anglais courant.<\/p>\n<p>Notre client ERCO offre un poste int\u00e9ressant et vari\u00e9 avec un niveau important de responsabilit\u00e9 et d\u2019autonomie. Vous rejoindrez une \u00e9quipe soud\u00e9e et passionn\u00e9e dans un groupe en tr\u00e8s fort d\u00e9veloppement.<\/p>\n<p><strong>\u00a0<\/strong><\/p>\n<p><strong>Contact\u00a0:<\/strong><\/p>\n<p>Ce recrutement est g\u00e9r\u00e9 par <strong>Expatria Human Resources<\/strong>. Merci de transmettre votre candidature et CV <a href=\"mailto:apply@expatria.com?subject=Job r\u00e9f\u00e9rence 26103RPENEXP\"><strong>ici<\/strong><\/a>. <strong>R\u00e9f\u00e9rence 26103RPENEXP<\/strong>.<\/p>\n<p>Publi\u00e9 le 3 f\u00e9vrier 2026.<\/p>\n<p>[\/et_pb_text][\/et_pb_column][\/et_pb_row][\/et_pb_section]<\/p>\n","protected":false},"excerpt":{"rendered":"<p>&nbsp; Expatria Human Resources est depuis 1988 sp\u00e9cialis\u00e9 dans le recrutement pour des groupes internationaux.\u00a0 Notre client ERCO (www.erco.com) est un leader international de l&rsquo;\u00e9clairage architectural durable. Entreprise familiale fond\u00e9e en 1934 et dont le si\u00e8ge se situe en Allemagne, ERCO est pr\u00e9sente dans plus de 55 pays, au travers d&rsquo;organisations commerciales ou de partenaires. [&hellip;]<\/p>\n","protected":false},"author":2,"featured_media":0,"parent":0,"menu_order":0,"comment_status":"closed","ping_status":"closed","template":"","meta":{"_et_pb_use_builder":"on","_et_pb_old_content":"","_et_gb_content_width":"","footnotes":""},"class_list":["post-6935","page","type-page","status-publish","hentry"],"_links":{"self":[{"href":"https:\/\/expatria.com\/fr\/wp-json\/wp\/v2\/pages\/6935","targetHints":{"allow":["GET"]}}],"collection":[{"href":"https:\/\/expatria.com\/fr\/wp-json\/wp\/v2\/pages"}],"about":[{"href":"https:\/\/expatria.com\/fr\/wp-json\/wp\/v2\/types\/page"}],"author":[{"embeddable":true,"href":"https:\/\/expatria.com\/fr\/wp-json\/wp\/v2\/users\/2"}],"replies":[{"embeddable":true,"href":"https:\/\/expatria.com\/fr\/wp-json\/wp\/v2\/comments?post=6935"}],"version-history":[{"count":6,"href":"https:\/\/expatria.com\/fr\/wp-json\/wp\/v2\/pages\/6935\/revisions"}],"predecessor-version":[{"id":6942,"href":"https:\/\/expatria.com\/fr\/wp-json\/wp\/v2\/pages\/6935\/revisions\/6942"}],"wp:attachment":[{"href":"https:\/\/expatria.com\/fr\/wp-json\/wp\/v2\/media?parent=6935"}],"curies":[{"name":"wp","href":"https:\/\/api.w.org\/{rel}","templated":true}]}}