{"id":1766,"date":"2022-03-11T09:23:38","date_gmt":"2022-03-11T09:23:38","guid":{"rendered":"http:\/\/purcoht.cluster031.hosting.ovh.net\/lediga-tjanster\/"},"modified":"2025-09-25T11:39:37","modified_gmt":"2025-09-25T11:39:37","slug":"lediga-tjanster","status":"publish","type":"page","link":"https:\/\/expatria.com\/sv\/lediga-tjanster\/","title":{"rendered":"Lediga tj\u00e4nster"},"content":{"rendered":"<p>[et_pb_section fb_built=&#8221;1&#8243; _builder_version=&#8221;4.16&#8243; global_colors_info=&#8221;{}&#8221;][et_pb_row column_structure=&#8221;3_5,2_5&#8243; _builder_version=&#8221;4.16&#8243; global_colors_info=&#8221;{}&#8221;][et_pb_column type=&#8221;3_5&#8243; _builder_version=&#8221;4.16&#8243; global_colors_info=&#8221;{}&#8221;][et_pb_text admin_label=&#8221;TABELL&#8221; _builder_version=&#8221;4.16&#8243; global_colors_info=&#8221;{}&#8221;]<\/p>\n<h1>LEDIGA TJ\u00c4NSTER<\/h1>\n<p>Alla v\u00e5ra rekryteringar \u00e4r inte offentliga. N\u00e4r de \u00e4r offentliga, publiceras de nedan.<\/p>\n<p><span style=\"font-size: 14.000000953674316px;\">\u00a0<\/span>\n<table id=\"tablepress-2\" class=\"tablepress tablepress-id-2\">\n<tbody class=\"row-striping row-hover\">\n<tr class=\"row-1\">\n\t<td class=\"column-1\">Position<\/td><td class=\"column-2\">Area of responsibility<\/td><td class=\"column-3\">Position based in<br \/>\n<\/td>\n<\/tr>\n<tr class=\"row-2\">\n\t<td class=\"column-1\"><a href=\"https:\/\/expatria.com\/senior-business-controller-germany\/\">Senior Business Controller Germany<br \/>\n<\/a><\/td><td class=\"column-2\">International<\/td><td class=\"column-3\">Germany<\/td>\n<\/tr>\n<tr class=\"row-3\">\n\t<td class=\"column-1\"><a href=\"https:\/\/expatria.com\/chargee-de-prescription-indoor-ile-de-france\/\">Charg\u00e9(e) de Prescription Indoor Paris<br \/>\n<\/a><\/td><td class=\"column-2\">Ile de France<\/td><td class=\"column-3\">Ile de France<\/td>\n<\/tr>\n<tr class=\"row-4\">\n\t<td class=\"column-1\"><a href=\"https:\/\/expatria.com\/responsable-technique-et-qualite-france\/\">Responsable Technique et Qualit\u00e9 France<br \/>\n<\/a><\/td><td class=\"column-2\">France<\/td><td class=\"column-3\">Bussy-Saint-Georges (77), France<\/td>\n<\/tr>\n<tr class=\"row-5\">\n\t<td class=\"column-1\"><a href=\"https:\/\/expatria.com\/specification-sales-representative-brussels-wallonia\/\">Specification Sales Representative, Brussels and Wallonia<br \/>\n<\/a><\/td><td class=\"column-2\">Wallonia and Brussels<\/td><td class=\"column-3\">Brussels, Belgium<\/td>\n<\/tr>\n<tr class=\"row-6\">\n\t<td class=\"column-1\"><a href=\"https:\/\/expatria.com\/responsable-prescription-wallonie-bruxelles\/\">Responsable Prescription Wallonie et Bruxelles<br \/>\n<\/a><\/td><td class=\"column-2\">Wallonie et Bruxelles<\/td><td class=\"column-3\">Bruxelles, Belgique<\/td>\n<\/tr>\n<tr class=\"row-7\">\n\t<td class=\"column-1\"><a href=\"https:\/\/expatria.com\/vertegenwoordiger-wallonie-en-brussel\/\">Vertegenwoordiger <br \/>\nWalloni\u00eb en Brussel, BELGI\u00cb<br \/>\n<\/a><\/td><td class=\"column-2\">Walloni\u00eb en Brussel<\/td><td class=\"column-3\">Brussels, Belgi\u00eb<\/td>\n<\/tr>\n<tr class=\"row-8\">\n\t<td class=\"column-1\"><a href=\"https:\/\/expatria.com\/responsable-prescription-france-est-et-nord\/\">Responsable Prescription France Est et Nord<\/a><\/td><td class=\"column-2\">East and North France<\/td><td class=\"column-3\">Nancy, Metz, Strasbourg, Reims regions<\/td>\n<\/tr>\n<tr class=\"row-9\">\n\t<td class=\"column-1\"><a href=\"https:\/\/expatria.com\/responsable-prescription-france-est-et-nord\/\">Responsable Prescription France est et nord<\/a><\/td><td class=\"column-2\">Baden-W\u00fcrttemberg, Bayern, Austria and Switzerland<\/td><td class=\"column-3\">South of Munich, Germany<\/td>\n<\/tr>\n<tr class=\"row-10\">\n\t<td class=\"column-1\"><a href=\"https:\/\/expatria.com\/regional-sales-representative-eastern-germany\/\">Regional Sales Representative Eastern Germany<\/a><\/td><td class=\"column-2\">Eastern Germany (Thuringia, Saxony-Anhalt, Saxony, Brandenburg, parts of Schleswig-Holstein, and Berlin)<\/td><td class=\"column-3\">Dresden-Leipzig-Berlin, Germany<\/td>\n<\/tr>\n<tr class=\"row-11\">\n\t<td class=\"column-1\"><a href=\"https:\/\/expatria.com\/hr-manager-benelux-hrbp-business-area-emea\/\">HR Manager BeNeLux &amp; HRBP Business Area Mobile Cooking EMEA<\/a><\/td><td class=\"column-2\">BeNeLux &amp; EMEA<\/td><td class=\"column-3\">Duiven, the Netherlands<\/td>\n<\/tr>\n<tr class=\"row-12\">\n\t<td class=\"column-1\"><a href=\"https:\/\/expatria.com\/sub-segment-head-of-accounting-record-to-report-emea\/\">Sub-Segment Head of Accounting &amp; Record to Report EMEA<\/a><\/td><td class=\"column-2\">EMEA<\/td><td class=\"column-3\">Emsdetten, Germany<\/td>\n<\/tr>\n<tr class=\"row-13\">\n\t<td class=\"column-1\"><a href=\"https:\/\/expatria.com\/sub-segment-finance-digital-change-emea\/\">Sub-Segment Finance Digital Change EMEA<\/a><\/td><td class=\"column-2\">EMEA<\/td><td class=\"column-3\">Emsdetten, Germany<\/td>\n<\/tr>\n<tr class=\"row-14\">\n\t<td class=\"column-1\"><a href=\"https:\/\/expatria.com\/talent-acquisition-manager-emea\/\">Talent Acquisition Manager EMEA<\/a><\/td><td class=\"column-2\">EMEA<\/td><td class=\"column-3\">Emsdetten, Germany<\/td>\n<\/tr>\n<tr class=\"row-15\">\n\t<td class=\"column-1\"><a href=\"https:\/\/expatria.com\/responsable-prescription-paris-ile-de-france\/\">Responsable Prescription Paris \/ IDF<\/a><\/td><td class=\"column-2\">Paris \/ IdF<\/td><td class=\"column-3\">Paris region, France<\/td>\n<\/tr>\n<tr class=\"row-16\">\n\t<td class=\"column-1\"><a href=\"https:\/\/expatria.com\/agency-manager-idf\/\">Responsable d'Agence IDF<\/a><\/td><td class=\"column-2\">Ile de France<\/td><td class=\"column-3\">Rungis (94), France<\/td>\n<\/tr>\n<tr class=\"row-17\">\n\t<td class=\"column-1\"><a href=\"https:\/\/expatria.com\/key-account-manager-service-aftermarket-france\/\">Key Account Manager Service Aftermarket France<\/a><\/td><td class=\"column-2\">France<\/td><td class=\"column-3\">Paris region or Oise (60), France<\/td>\n<\/tr>\n<tr class=\"row-18\">\n\t<td class=\"column-1\"><a href=\"https:\/\/expatria.com\/sales-manager-finland-2\/\">Sales Manager Finland<\/a><\/td><td class=\"column-2\">Finland<\/td><td class=\"column-3\">Helsinki, Tampere or Turku region<\/td>\n<\/tr>\n<tr class=\"row-19\">\n\t<td class=\"column-1\"><a href=\"https:\/\/expatria.com\/vertriebsmitarbeiter-ausendienst-nord-und-ostdeutschland\/\">Vertriebsmitarbeiter Au\u00dfendienst Nord- und Ostdeutschland <\/a><\/td><td class=\"column-2\">North and Eastern Germany<\/td><td class=\"column-3\">Hamburg or Berlin<\/td>\n<\/tr>\n<tr class=\"row-20\">\n\t<td class=\"column-1\"><a href=\"https:\/\/expatria.com\/internship-talent-acquisition-2024\/\">Internship Talent Acquisition France<\/a><\/td><td class=\"column-2\">France, Germany, Austria, Sweden, Norway, Denmark, Finland...<\/td><td class=\"column-3\">Paris, France<\/td>\n<\/tr>\n<\/tbody>\n<\/table>\n<!-- #tablepress-2 from cache -->[\/et_pb_text][\/et_pb_column][et_pb_column type=&#8221;2_5&#8243; _builder_version=&#8221;4.16&#8243; global_colors_info=&#8221;{}&#8221;][et_pb_text _builder_version=&#8221;4.16&#8243; _module_preset=&#8221;default&#8221; global_colors_info=&#8221;{}&#8221;]Om du inte hittar tj\u00e4nster som intresserar dig p\u00e5 v\u00e5r hemsida kan du alltid skicka oss en spontanans\u00f6kan genom att fylla i formul\u00e4ret nedan:[\/et_pb_text][et_pb_button button_url=&#8221;https:\/\/expatria.com\/sv\/spontaneous-application-form\/&#8221; url_new_window=&#8221;on&#8221; button_text=&#8221;Spontanans\u00f6kan&#8221; admin_label=&#8221;spontaneous&#8221; _builder_version=&#8221;4.16&#8243; _module_preset=&#8221;default&#8221; global_colors_info=&#8221;{}&#8221;][\/et_pb_button][et_pb_text _builder_version=&#8221;4.17.0&#8243; _module_preset=&#8221;default&#8221; hover_enabled=&#8221;0&#8243; global_colors_info=&#8221;{}&#8221; sticky_enabled=&#8221;0&#8243;]<\/p>\n<p>Do you have recruitment needs? If so, please press the button below:<\/p>\n<p>[\/et_pb_text][et_pb_button button_text=&#8221;Beh\u00f6ver ni rekrytera?&#8221; admin_label=&#8221;need recruit&#8221; module_id=&#8221;needrecruit&#8221; module_class=&#8221;needrecruit&#8221; _builder_version=&#8221;4.16&#8243; _module_preset=&#8221;default&#8221; global_colors_info=&#8221;{}&#8221;][\/et_pb_button][\/et_pb_column][\/et_pb_row][\/et_pb_section]<\/p>\n","protected":false},"excerpt":{"rendered":"<p>LEDIGA TJ\u00c4NSTERAlla v\u00e5ra rekryteringar \u00e4r inte offentliga. N\u00e4r de \u00e4r offentliga, publiceras de nedan.\u00a0\n<table id=\"tablepress-2-no-2\" class=\"tablepress tablepress-id-2\">\n<tbody class=\"row-striping row-hover\">\n<tr class=\"row-1\">\n\t<td class=\"column-1\">Position<\/td><td class=\"column-2\">Area of responsibility<\/td><td class=\"column-3\">Position based in<br \/>\n<\/td>\n<\/tr>\n<tr class=\"row-2\">\n\t<td class=\"column-1\"><a href=\"https:\/\/expatria.com\/senior-business-controller-germany\/\">Senior Business Controller Germany<br \/>\n<\/a><\/td><td class=\"column-2\">International<\/td><td class=\"column-3\">Germany<\/td>\n<\/tr>\n<tr class=\"row-3\">\n\t<td class=\"column-1\"><a href=\"https:\/\/expatria.com\/chargee-de-prescription-indoor-ile-de-france\/\">Charg\u00e9(e) de Prescription Indoor Paris<br \/>\n<\/a><\/td><td class=\"column-2\">Ile de France<\/td><td class=\"column-3\">Ile de France<\/td>\n<\/tr>\n<tr class=\"row-4\">\n\t<td class=\"column-1\"><a href=\"https:\/\/expatria.com\/responsable-technique-et-qualite-france\/\">Responsable Technique et Qualit\u00e9 France<br \/>\n<\/a><\/td><td class=\"column-2\">France<\/td><td class=\"column-3\">Bussy-Saint-Georges (77), France<\/td>\n<\/tr>\n<tr class=\"row-5\">\n\t<td class=\"column-1\"><a href=\"https:\/\/expatria.com\/specification-sales-representative-brussels-wallonia\/\">Specification Sales Representative, Brussels and Wallonia<br \/>\n<\/a><\/td><td class=\"column-2\">Wallonia and Brussels<\/td><td class=\"column-3\">Brussels, Belgium<\/td>\n<\/tr>\n<tr class=\"row-6\">\n\t<td class=\"column-1\"><a href=\"https:\/\/expatria.com\/responsable-prescription-wallonie-bruxelles\/\">Responsable Prescription Wallonie et Bruxelles<br \/>\n<\/a><\/td><td class=\"column-2\">Wallonie et Bruxelles<\/td><td class=\"column-3\">Bruxelles, Belgique<\/td>\n<\/tr>\n<tr class=\"row-7\">\n\t<td class=\"column-1\"><a href=\"https:\/\/expatria.com\/vertegenwoordiger-wallonie-en-brussel\/\">Vertegenwoordiger <br \/>\nWalloni\u00eb en Brussel, BELGI\u00cb<br \/>\n<\/a><\/td><td class=\"column-2\">Walloni\u00eb en Brussel<\/td><td class=\"column-3\">Brussels, Belgi\u00eb<\/td>\n<\/tr>\n<tr class=\"row-8\">\n\t<td class=\"column-1\"><a href=\"https:\/\/expatria.com\/responsable-prescription-france-est-et-nord\/\">Responsable Prescription France Est et Nord<\/a><\/td><td class=\"column-2\">East and North France<\/td><td class=\"column-3\">Nancy, Metz, Strasbourg, Reims regions<\/td>\n<\/tr>\n<tr class=\"row-9\">\n\t<td class=\"column-1\"><a href=\"https:\/\/expatria.com\/responsable-prescription-france-est-et-nord\/\">Responsable Prescription France est et nord<\/a><\/td><td class=\"column-2\">Baden-W\u00fcrttemberg, Bayern, Austria and Switzerland<\/td><td class=\"column-3\">South of Munich, Germany<\/td>\n<\/tr>\n<tr class=\"row-10\">\n\t<td class=\"column-1\"><a href=\"https:\/\/expatria.com\/regional-sales-representative-eastern-germany\/\">Regional Sales Representative Eastern Germany<\/a><\/td><td class=\"column-2\">Eastern Germany (Thuringia, Saxony-Anhalt, Saxony, Brandenburg, parts of Schleswig-Holstein, and Berlin)<\/td><td class=\"column-3\">Dresden-Leipzig-Berlin, Germany<\/td>\n<\/tr>\n<tr class=\"row-11\">\n\t<td class=\"column-1\"><a href=\"https:\/\/expatria.com\/hr-manager-benelux-hrbp-business-area-emea\/\">HR Manager BeNeLux &amp; HRBP Business Area Mobile Cooking EMEA<\/a><\/td><td class=\"column-2\">BeNeLux &amp; EMEA<\/td><td class=\"column-3\">Duiven, the Netherlands<\/td>\n<\/tr>\n<tr class=\"row-12\">\n\t<td class=\"column-1\"><a href=\"https:\/\/expatria.com\/sub-segment-head-of-accounting-record-to-report-emea\/\">Sub-Segment Head of Accounting &amp; Record to Report EMEA<\/a><\/td><td class=\"column-2\">EMEA<\/td><td class=\"column-3\">Emsdetten, Germany<\/td>\n<\/tr>\n<tr class=\"row-13\">\n\t<td class=\"column-1\"><a href=\"https:\/\/expatria.com\/sub-segment-finance-digital-change-emea\/\">Sub-Segment Finance Digital Change EMEA<\/a><\/td><td class=\"column-2\">EMEA<\/td><td class=\"column-3\">Emsdetten, Germany<\/td>\n<\/tr>\n<tr class=\"row-14\">\n\t<td class=\"column-1\"><a href=\"https:\/\/expatria.com\/talent-acquisition-manager-emea\/\">Talent Acquisition Manager EMEA<\/a><\/td><td class=\"column-2\">EMEA<\/td><td class=\"column-3\">Emsdetten, Germany<\/td>\n<\/tr>\n<tr class=\"row-15\">\n\t<td class=\"column-1\"><a href=\"https:\/\/expatria.com\/responsable-prescription-paris-ile-de-france\/\">Responsable Prescription Paris \/ IDF<\/a><\/td><td class=\"column-2\">Paris \/ IdF<\/td><td class=\"column-3\">Paris region, France<\/td>\n<\/tr>\n<tr class=\"row-16\">\n\t<td class=\"column-1\"><a href=\"https:\/\/expatria.com\/agency-manager-idf\/\">Responsable d'Agence IDF<\/a><\/td><td class=\"column-2\">Ile de France<\/td><td class=\"column-3\">Rungis (94), France<\/td>\n<\/tr>\n<tr class=\"row-17\">\n\t<td class=\"column-1\"><a href=\"https:\/\/expatria.com\/key-account-manager-service-aftermarket-france\/\">Key Account Manager Service Aftermarket France<\/a><\/td><td class=\"column-2\">France<\/td><td class=\"column-3\">Paris region or Oise (60), France<\/td>\n<\/tr>\n<tr class=\"row-18\">\n\t<td class=\"column-1\"><a href=\"https:\/\/expatria.com\/sales-manager-finland-2\/\">Sales Manager Finland<\/a><\/td><td class=\"column-2\">Finland<\/td><td class=\"column-3\">Helsinki, Tampere or Turku region<\/td>\n<\/tr>\n<tr class=\"row-19\">\n\t<td class=\"column-1\"><a href=\"https:\/\/expatria.com\/vertriebsmitarbeiter-ausendienst-nord-und-ostdeutschland\/\">Vertriebsmitarbeiter Au\u00dfendienst Nord- und Ostdeutschland <\/a><\/td><td class=\"column-2\">North and Eastern Germany<\/td><td class=\"column-3\">Hamburg or Berlin<\/td>\n<\/tr>\n<tr class=\"row-20\">\n\t<td class=\"column-1\"><a href=\"https:\/\/expatria.com\/internship-talent-acquisition-2024\/\">Internship Talent Acquisition France<\/a><\/td><td class=\"column-2\">France, Germany, Austria, Sweden, Norway, Denmark, Finland...<\/td><td class=\"column-3\">Paris, France<\/td>\n<\/tr>\n<\/tbody>\n<\/table>\nOm du inte hittar tj\u00e4nster som intresserar dig p\u00e5 v\u00e5r hemsida kan du alltid skicka oss en spontanans\u00f6kan genom att fylla i formul\u00e4ret nedan:Do you have recruitment needs? If so, please press the button below:<\/p>\n","protected":false},"author":1,"featured_media":0,"parent":0,"menu_order":0,"comment_status":"closed","ping_status":"closed","template":"","meta":{"_et_pb_use_builder":"on","_et_pb_old_content":"","_et_gb_content_width":"","footnotes":""},"class_list":["post-1766","page","type-page","status-publish","hentry"],"_links":{"self":[{"href":"https:\/\/expatria.com\/sv\/wp-json\/wp\/v2\/pages\/1766","targetHints":{"allow":["GET"]}}],"collection":[{"href":"https:\/\/expatria.com\/sv\/wp-json\/wp\/v2\/pages"}],"about":[{"href":"https:\/\/expatria.com\/sv\/wp-json\/wp\/v2\/types\/page"}],"author":[{"embeddable":true,"href":"https:\/\/expatria.com\/sv\/wp-json\/wp\/v2\/users\/1"}],"replies":[{"embeddable":true,"href":"https:\/\/expatria.com\/sv\/wp-json\/wp\/v2\/comments?post=1766"}],"version-history":[{"count":3,"href":"https:\/\/expatria.com\/sv\/wp-json\/wp\/v2\/pages\/1766\/revisions"}],"predecessor-version":[{"id":6562,"href":"https:\/\/expatria.com\/sv\/wp-json\/wp\/v2\/pages\/1766\/revisions\/6562"}],"wp:attachment":[{"href":"https:\/\/expatria.com\/sv\/wp-json\/wp\/v2\/media?parent=1766"}],"curies":[{"name":"wp","href":"https:\/\/api.w.org\/{rel}","templated":true}]}}