{"id":6969,"date":"2026-02-19T13:08:04","date_gmt":"2026-02-19T13:08:04","guid":{"rendered":"https:\/\/expatria.com\/?page_id=6969"},"modified":"2026-02-19T13:12:25","modified_gmt":"2026-02-19T13:12:25","slug":"responsable-prescription-wallonie-bruxelles","status":"publish","type":"page","link":"https:\/\/expatria.com\/sv\/responsable-prescription-wallonie-bruxelles\/","title":{"rendered":"Responsable Prescription Wallonie\/Bruxelles"},"content":{"rendered":"<p>[et_pb_section fb_built=&#8221;1&#8243; _builder_version=&#8221;4.16&#8243; _module_preset=&#8221;default&#8221; global_colors_info=&#8221;{}&#8221;][et_pb_row _builder_version=&#8221;4.16&#8243; _module_preset=&#8221;default&#8221; global_colors_info=&#8221;{}&#8221;][et_pb_column type=&#8221;4_4&#8243; _builder_version=&#8221;4.16&#8243; _module_preset=&#8221;default&#8221; global_colors_info=&#8221;{}&#8221;][et_pb_text _builder_version=&#8221;4.27.5&#8243; _module_preset=&#8221;default&#8221; global_colors_info=&#8221;{}&#8221;]<\/p>\n<p><img loading=\"lazy\" decoding=\"async\" class=\"alignnone wp-image-5669 \" src=\"https:\/\/expatria.com\/wp-content\/uploads\/2024\/11\/erco_6mm_black-300x92.png\" alt=\"\" width=\"166\" height=\"51\" srcset=\"https:\/\/expatria.com\/wp-content\/uploads\/2024\/11\/erco_6mm_black-300x92.png 300w, https:\/\/expatria.com\/wp-content\/uploads\/2024\/11\/erco_6mm_black.png 400w\" sizes=\"(max-width: 166px) 100vw, 166px\" \/><\/p>\n<p>&nbsp;<\/p>\n<p><strong><em>Expatria Human Resources<\/em><\/strong> <em>est depuis 1988 sp\u00e9cialis\u00e9 dans le recrutement pour des groupes internationaux. <\/em><\/p>\n<p><em>Notre client<\/em><strong><em> ERCO<\/em><\/strong><em> (<\/em><em><a href=\"http:\/\/www.erco.com\" target=\"_blank\" rel=\"noopener\">www.erco.com<\/a><\/em><em>) est un sp\u00e9cialiste international de premier plan dans le domaine de l\u2019\u00e9clairage architectural performant bas\u00e9 sur la technologie LED. Cette entreprise familiale, situ\u00e9e \u00e0 L\u00fcdenscheid, au c\u0153ur de l\u2019Allemagne, op\u00e8re comme un acteur mondial avec des organisations commerciales et des partenaires ind\u00e9pendants dans environ 55 pays. Fond\u00e9e en 1934, ERCO a \u00e9t\u00e9 pionni\u00e8re de l\u2019\u00e9clairage architectural en Europe dans les ann\u00e9es 1960. En 2015, l\u2019entreprise est devenue le premier fabricant de luminaires \u00e9tabli \u00e0 proposer un portefeuille enti\u00e8rement bas\u00e9 sur la technologie LED. ERCO Greenology\u00ae, la strat\u00e9gie d\u2019entreprise en mati\u00e8re d\u2019\u00e9clairage durable, associe responsabilit\u00e9 \u00e9cologique et expertise technologique. Environ 1 000 collaborateurs engag\u00e9s dans le monde veillent \u00e0 ce que la technologie LED ne reste pas une simple technologie, mais qu\u2019elle soit continuellement d\u00e9velopp\u00e9e en outils d\u2019\u00e9clairage durables. Les principaux domaines d\u2019activit\u00e9 d\u2019ERCO sont l\u2019\u00e9clairage des espaces de travail, des espaces publics et communautaires, des mus\u00e9es et des galeries d\u2019art.<\/em><\/p>\n<p><em>Pr\u00e9sente en Belgique depuis plus de 25 ans, la marque ERCO conna\u00eet une forte croissance sur le march\u00e9 haut de gamme de l\u2019\u00e9clairage int\u00e9rieur et ext\u00e9rieur. Afin de renforcer l\u2019\u00e9quipe, nous recherchons actuellement un(e)<\/em><\/p>\n<p>&nbsp;<\/p>\n<h2 style=\"text-align: center;\"><strong>Responsable Prescription<\/strong><\/h2>\n<h4 style=\"text-align: center;\">Wallonie &amp; Bruxelles, BELGIQUE<\/h4>\n<p><strong>\u00a0<\/strong><\/p>\n<p>Rattach\u00e9(e) au Sales Manager pour la Belgique et les Pays-Bas, vos principales responsabilit\u00e9s sont :<\/p>\n<ul>\n<li>D\u00e9velopper la pr\u00e9sence de la marque ERCO aupr\u00e8s de tous les acteurs d\u2019un projet (architectes, concepteurs lumi\u00e8re, ing\u00e9nieurs, promoteurs immobiliers, utilisateurs finaux, etc.).<\/li>\n<li>D\u00e9velopper et accro\u00eetre l\u2019activit\u00e9 de prescription dans votre r\u00e9gion afin d\u2019atteindre les objectifs commerciaux d\u00e9finis, en coh\u00e9rence avec la strat\u00e9gie de l\u2019entreprise.<\/li>\n<li>Collaborer \u00e9troitement avec les diff\u00e9rents d\u00e9partements d\u2019ERCO (service client, bureau d\u2019\u00e9tudes, marketing, autres commerciaux).<\/li>\n<li>Assurer le suivi complet du processus de vente en mode projet.<\/li>\n<li>Poste bas\u00e9 en home office.<\/li>\n<\/ul>\n<p>&nbsp;<\/p>\n<p><strong>Votre profil\u00a0:<\/strong><\/p>\n<p>Vous disposez d\u2019une exp\u00e9rience en vente de prescription de produits techniques et vous aimez convaincre les clients d\u2019investir dans des solutions d\u2019\u00e9clairage de haute qualit\u00e9, parfaitement adapt\u00e9es \u00e0 leurs besoins. Vous \u00eates un(e) team player proactif(ve) et d\u00e9termin\u00e9(e) \u00e0 d\u00e9velopper une activit\u00e9.<\/p>\n<p>Vous avez une exp\u00e9rience en gestion de projets, en vente de prescription et en prise de commandes. Vous \u00eates \u00e9galement \u00e0 l\u2019aise dans le d\u00e9veloppement des affaires aupr\u00e8s des clients existants ainsi que dans l\u2019acquisition et la fid\u00e9lisation de nouveaux clients. Vous avez l\u2019habitude de travailler avec l\u2019ensemble des acteurs influents d\u2019un projet architectural. Une exp\u00e9rience dans un ou plusieurs des segments cibles d\u2019ERCO (Work, Culture et Community) ou dans la gestion d\u2019installations au sein de mus\u00e9es ou d\u2019autres b\u00e2timents (par exemple la Commission europ\u00e9enne ou l\u2019OTAN) constitue un atout. Nous sommes \u00e9galement ouverts \u00e0 vos suggestions \u00e0 ce sujet.<\/p>\n<p>Vous poss\u00e9dez d\u2019excellentes comp\u00e9tences relationnelles ainsi qu\u2019une tr\u00e8s bonne communication orale et \u00e9crite. Une exp\u00e9rience au sein d\u2019un groupe international est un avantage. Vous parlez couramment le fran\u00e7ais et le n\u00e9erlandais et vous avez un bon niveau d\u2019anglais.<\/p>\n<p>Notre client ERCO propose un poste int\u00e9ressant et stimulant, offrant un haut degr\u00e9 d\u2019autonomie et de responsabilit\u00e9. Si vous souhaitez participer au d\u00e9veloppement d\u2019un groupe en croissance continue, avec le soutien d\u2019une \u00e9quipe dynamique et passionn\u00e9e, alors ce poste est fait pour vous !<\/p>\n<p>&nbsp;<\/p>\n<p><strong>Contact\u00a0:<\/strong><\/p>\n<p>Ce recrutement est g\u00e9r\u00e9 par <strong>Expatria Human Resources<\/strong>. Merci de transmettre votre candidature et CV\u00a0<a href=\"mailto:apply@expatria.com?subject=Job%20r%C3%A9f%C3%A9rence%26201RPBEXP\"><strong>ici<\/strong><\/a>.\u00a0<strong>R\u00e9f\u00e9rence 26201RPBEXP<\/strong>.<\/p>\n<p>[\/et_pb_text][\/et_pb_column][\/et_pb_row][\/et_pb_section]<\/p>\n","protected":false},"excerpt":{"rendered":"<p>&nbsp; Expatria Human Resources est depuis 1988 sp\u00e9cialis\u00e9 dans le recrutement pour des groupes internationaux. Notre client ERCO (www.erco.com) est un sp\u00e9cialiste international de premier plan dans le domaine de l\u2019\u00e9clairage architectural performant bas\u00e9 sur la technologie LED. Cette entreprise familiale, situ\u00e9e \u00e0 L\u00fcdenscheid, au c\u0153ur de l\u2019Allemagne, op\u00e8re comme un acteur mondial avec des [&hellip;]<\/p>\n","protected":false},"author":2,"featured_media":0,"parent":0,"menu_order":0,"comment_status":"closed","ping_status":"closed","template":"","meta":{"_et_pb_use_builder":"on","_et_pb_old_content":"","_et_gb_content_width":"","footnotes":""},"class_list":["post-6969","page","type-page","status-publish","hentry"],"_links":{"self":[{"href":"https:\/\/expatria.com\/sv\/wp-json\/wp\/v2\/pages\/6969","targetHints":{"allow":["GET"]}}],"collection":[{"href":"https:\/\/expatria.com\/sv\/wp-json\/wp\/v2\/pages"}],"about":[{"href":"https:\/\/expatria.com\/sv\/wp-json\/wp\/v2\/types\/page"}],"author":[{"embeddable":true,"href":"https:\/\/expatria.com\/sv\/wp-json\/wp\/v2\/users\/2"}],"replies":[{"embeddable":true,"href":"https:\/\/expatria.com\/sv\/wp-json\/wp\/v2\/comments?post=6969"}],"version-history":[{"count":4,"href":"https:\/\/expatria.com\/sv\/wp-json\/wp\/v2\/pages\/6969\/revisions"}],"predecessor-version":[{"id":6974,"href":"https:\/\/expatria.com\/sv\/wp-json\/wp\/v2\/pages\/6969\/revisions\/6974"}],"wp:attachment":[{"href":"https:\/\/expatria.com\/sv\/wp-json\/wp\/v2\/media?parent=6969"}],"curies":[{"name":"wp","href":"https:\/\/api.w.org\/{rel}","templated":true}]}}